{"id":120,"date":"2019-10-21T17:31:24","date_gmt":"2019-10-21T17:31:24","guid":{"rendered":"http:\/\/refugiosmarinos.com.ar\/?page_id=120"},"modified":"2019-10-24T16:45:09","modified_gmt":"2019-10-24T16:45:09","slug":"habitaciones-2","status":"publish","type":"page","link":"https:\/\/refugiosmarinos.com.ar\/index.php\/habitaciones-2\/","title":{"rendered":"D\u00faplex"},"content":{"rendered":"\n<p>Refugios Marinos cuenta con 6 unidades habitacionales completamente equipadas: dos d\u00faplex de 2 ambientes, dos de 2 ambientes y medio, y dos de 3 ambientes. Ellos cuentan con capacidad para entre 4 y 6 personas, ideales para familias con hijos chicos o adolescentes.<\/p>\n\n\n\n<p>En nuestra p\u00e1gina de <a href=\"http:\/\/refugiosmarinos.com.ar\/index.php\/contacto\/\">contacto<\/a> podr\u00e1 comunicarse con nosotros para efectuar su reserva. <\/p>\n\n\n\n<p>Aqu\u00ed podr\u00e1 acceder a la descripci\u00f3n detallada de cada unidad habitacional:<\/p>\n\n\n\n<ul class=\"wp-block-gallery columns-3 is-cropped wp-block-gallery-1 is-layout-flex wp-block-gallery-is-layout-flex\"><li class=\"blocks-gallery-item\"><figure><img loading=\"lazy\" decoding=\"async\" width=\"400\" height=\"400\" src=\"http:\/\/refugiosmarinos.com.ar\/wp-content\/uploads\/2019\/10\/2-amb.jpg\" alt=\"\" data-id=\"231\" data-link=\"http:\/\/refugiosmarinos.com.ar\/index.php\/sample-page\/2-amb\/\" class=\"wp-image-231\" srcset=\"https:\/\/refugiosmarinos.com.ar\/wp-content\/uploads\/2019\/10\/2-amb.jpg 400w, https:\/\/refugiosmarinos.com.ar\/wp-content\/uploads\/2019\/10\/2-amb-150x150.jpg 150w, https:\/\/refugiosmarinos.com.ar\/wp-content\/uploads\/2019\/10\/2-amb-300x300.jpg 300w, https:\/\/refugiosmarinos.com.ar\/wp-content\/uploads\/2019\/10\/2-amb-50x50.jpg 50w\" sizes=\"auto, (max-width: 400px) 100vw, 400px\" \/><figcaption><a href=\"http:\/\/refugiosmarinos.com.ar\/index.php\/duplex-2-ambientes\/\">D\u00daPLEX 2 AMBIENTES<\/a><\/figcaption><\/figure><\/li><li class=\"blocks-gallery-item\"><figure><img loading=\"lazy\" decoding=\"async\" width=\"400\" height=\"400\" src=\"http:\/\/refugiosmarinos.com.ar\/wp-content\/uploads\/2019\/10\/2-y-medio.jpg\" alt=\"\" data-id=\"232\" data-link=\"http:\/\/refugiosmarinos.com.ar\/index.php\/sample-page\/2-y-medio\/\" class=\"wp-image-232\" srcset=\"https:\/\/refugiosmarinos.com.ar\/wp-content\/uploads\/2019\/10\/2-y-medio.jpg 400w, https:\/\/refugiosmarinos.com.ar\/wp-content\/uploads\/2019\/10\/2-y-medio-150x150.jpg 150w, https:\/\/refugiosmarinos.com.ar\/wp-content\/uploads\/2019\/10\/2-y-medio-300x300.jpg 300w, https:\/\/refugiosmarinos.com.ar\/wp-content\/uploads\/2019\/10\/2-y-medio-50x50.jpg 50w\" sizes=\"auto, (max-width: 400px) 100vw, 400px\" \/><figcaption><a href=\"http:\/\/refugiosmarinos.com.ar\/index.php\/2-amb-y-medio\/\">D\u00daPLEX 2 Y 1\/2 AMB. <\/a><\/figcaption><\/figure><\/li><li class=\"blocks-gallery-item\"><figure><img loading=\"lazy\" decoding=\"async\" width=\"400\" height=\"400\" src=\"http:\/\/refugiosmarinos.com.ar\/wp-content\/uploads\/2019\/10\/3-amb.jpg\" alt=\"\" data-id=\"233\" data-link=\"http:\/\/refugiosmarinos.com.ar\/index.php\/sample-page\/3-amb\/\" class=\"wp-image-233\" srcset=\"https:\/\/refugiosmarinos.com.ar\/wp-content\/uploads\/2019\/10\/3-amb.jpg 400w, https:\/\/refugiosmarinos.com.ar\/wp-content\/uploads\/2019\/10\/3-amb-150x150.jpg 150w, https:\/\/refugiosmarinos.com.ar\/wp-content\/uploads\/2019\/10\/3-amb-300x300.jpg 300w, https:\/\/refugiosmarinos.com.ar\/wp-content\/uploads\/2019\/10\/3-amb-50x50.jpg 50w\" sizes=\"auto, (max-width: 400px) 100vw, 400px\" \/><figcaption><a href=\"http:\/\/refugiosmarinos.com.ar\/index.php\/habitaciones\/\">D\u00daPLEX 3 AMBIENTES<\/a><\/figcaption><\/figure><\/li><\/ul>\n","protected":false},"excerpt":{"rendered":"<p>Refugios Marinos cuenta con 6 unidades habitacionales completamente equipadas: dos d\u00faplex de 2 ambientes, dos de 2 ambientes y medio, y dos de 3 ambientes. Ellos cuentan con capacidad para entre 4 y 6 personas, ideales para familias con hijos chicos o adolescentes. En nuestra p\u00e1gina de contacto podr\u00e1 comunicarse con nosotros para efectuar su [&hellip;]<\/p>\n","protected":false},"author":1,"featured_media":324,"parent":0,"menu_order":0,"comment_status":"closed","ping_status":"closed","template":"","meta":{"ngg_post_thumbnail":0,"footnotes":""},"class_list":["post-120","page","type-page","status-publish","has-post-thumbnail","hentry"],"_links":{"self":[{"href":"https:\/\/refugiosmarinos.com.ar\/index.php\/wp-json\/wp\/v2\/pages\/120","targetHints":{"allow":["GET"]}}],"collection":[{"href":"https:\/\/refugiosmarinos.com.ar\/index.php\/wp-json\/wp\/v2\/pages"}],"about":[{"href":"https:\/\/refugiosmarinos.com.ar\/index.php\/wp-json\/wp\/v2\/types\/page"}],"author":[{"embeddable":true,"href":"https:\/\/refugiosmarinos.com.ar\/index.php\/wp-json\/wp\/v2\/users\/1"}],"replies":[{"embeddable":true,"href":"https:\/\/refugiosmarinos.com.ar\/index.php\/wp-json\/wp\/v2\/comments?post=120"}],"version-history":[{"count":4,"href":"https:\/\/refugiosmarinos.com.ar\/index.php\/wp-json\/wp\/v2\/pages\/120\/revisions"}],"predecessor-version":[{"id":331,"href":"https:\/\/refugiosmarinos.com.ar\/index.php\/wp-json\/wp\/v2\/pages\/120\/revisions\/331"}],"wp:featuredmedia":[{"embeddable":true,"href":"https:\/\/refugiosmarinos.com.ar\/index.php\/wp-json\/wp\/v2\/media\/324"}],"wp:attachment":[{"href":"https:\/\/refugiosmarinos.com.ar\/index.php\/wp-json\/wp\/v2\/media?parent=120"}],"curies":[{"name":"wp","href":"https:\/\/api.w.org\/{rel}","templated":true}]}}