{"id":2,"date":"2019-10-18T15:15:04","date_gmt":"2019-10-18T15:15:04","guid":{"rendered":"http:\/\/refugiosmarinos.com.ar\/?page_id=2"},"modified":"2019-10-24T18:29:56","modified_gmt":"2019-10-24T18:29:56","slug":"sample-page","status":"publish","type":"page","link":"https:\/\/refugiosmarinos.com.ar\/","title":{"rendered":"El Complejo"},"content":{"rendered":"\n<div class=\"wp-block-nextend-smartslider3\">[smartslider3 slider=\u00bb1&#8243;]<\/div>\n\n\n\n<p class=\"has-text-color has-very-light-gray-color\">.<\/p>\n\n\n\n<h2 class=\"wp-block-heading\" style=\"text-align:center\">ACERCA DE NOSOTROS<\/h2>\n\n\n\n<p>Bienvenido al complejo Refugios Marinos. Aqu\u00ed encontrar\u00e1 un lugar exclusivo que cuenta con seis unidades habitacionales, rodeadas de un hermoso entorno natural, y tan solo a pasos de las amplias y tranquilas playas de Valeria del Mar. <\/p>\n\n\n\n<p>Aqu\u00ed podr\u00e1 obtener informaci\u00f3n sobre nuestros d\u00faplex de 2,  2 1\/2, y 3 ambientes, donde pueden ubicarse entre 4 y 6 personas por unidad. <\/p>\n\n\n\n<h2 class=\"wp-block-heading\" style=\"text-align:center\">NUESTROS DUPLEX<\/h2>\n\n\n\n<ul class=\"wp-block-gallery columns-3 is-cropped wp-block-gallery-1 is-layout-flex wp-block-gallery-is-layout-flex\"><li class=\"blocks-gallery-item\"><figure><img loading=\"lazy\" decoding=\"async\" width=\"400\" height=\"400\" src=\"http:\/\/refugiosmarinos.com.ar\/wp-content\/uploads\/2019\/10\/2-amb.jpg\" alt=\"\" data-id=\"231\" data-link=\"http:\/\/refugiosmarinos.com.ar\/index.php\/sample-page\/2-amb\/\" class=\"wp-image-231\" srcset=\"https:\/\/refugiosmarinos.com.ar\/wp-content\/uploads\/2019\/10\/2-amb.jpg 400w, https:\/\/refugiosmarinos.com.ar\/wp-content\/uploads\/2019\/10\/2-amb-150x150.jpg 150w, https:\/\/refugiosmarinos.com.ar\/wp-content\/uploads\/2019\/10\/2-amb-300x300.jpg 300w, https:\/\/refugiosmarinos.com.ar\/wp-content\/uploads\/2019\/10\/2-amb-50x50.jpg 50w\" sizes=\"auto, (max-width: 400px) 100vw, 400px\" \/><figcaption><a href=\"http:\/\/refugiosmarinos.com.ar\/index.php\/duplex-2-ambientes\/\">2 AMBIENTES<\/a><\/figcaption><\/figure><\/li><li class=\"blocks-gallery-item\"><figure><img loading=\"lazy\" decoding=\"async\" width=\"400\" height=\"400\" src=\"http:\/\/refugiosmarinos.com.ar\/wp-content\/uploads\/2019\/10\/2-y-medio.jpg\" alt=\"\" data-id=\"232\" data-link=\"http:\/\/refugiosmarinos.com.ar\/index.php\/sample-page\/2-y-medio\/\" class=\"wp-image-232\" srcset=\"https:\/\/refugiosmarinos.com.ar\/wp-content\/uploads\/2019\/10\/2-y-medio.jpg 400w, https:\/\/refugiosmarinos.com.ar\/wp-content\/uploads\/2019\/10\/2-y-medio-150x150.jpg 150w, https:\/\/refugiosmarinos.com.ar\/wp-content\/uploads\/2019\/10\/2-y-medio-300x300.jpg 300w, https:\/\/refugiosmarinos.com.ar\/wp-content\/uploads\/2019\/10\/2-y-medio-50x50.jpg 50w\" sizes=\"auto, (max-width: 400px) 100vw, 400px\" \/><figcaption><a href=\"http:\/\/refugiosmarinos.com.ar\/index.php\/2-amb-y-medio\/\">2 Y 1\/2 AMBIENTES<\/a><\/figcaption><\/figure><\/li><li class=\"blocks-gallery-item\"><figure><img loading=\"lazy\" decoding=\"async\" width=\"400\" height=\"400\" src=\"http:\/\/refugiosmarinos.com.ar\/wp-content\/uploads\/2019\/10\/3-amb.jpg\" alt=\"\" data-id=\"233\" data-link=\"http:\/\/refugiosmarinos.com.ar\/index.php\/sample-page\/3-amb\/\" class=\"wp-image-233\" srcset=\"https:\/\/refugiosmarinos.com.ar\/wp-content\/uploads\/2019\/10\/3-amb.jpg 400w, https:\/\/refugiosmarinos.com.ar\/wp-content\/uploads\/2019\/10\/3-amb-150x150.jpg 150w, https:\/\/refugiosmarinos.com.ar\/wp-content\/uploads\/2019\/10\/3-amb-300x300.jpg 300w, https:\/\/refugiosmarinos.com.ar\/wp-content\/uploads\/2019\/10\/3-amb-50x50.jpg 50w\" sizes=\"auto, (max-width: 400px) 100vw, 400px\" \/><figcaption><a href=\"http:\/\/refugiosmarinos.com.ar\/index.php\/habitaciones\/\">3 AMBIENTES<\/a><\/figcaption><\/figure><\/li><\/ul>\n\n\n\n<p>Nuestro complejo es el lugar ideal para disfrutar y descansar junto a los suyos. Est\u00e1 atendido por sus propios due\u00f1os, que har\u00e1n todo lo posible para brindarle una estad\u00eda que no olvidar\u00e1. <\/p>\n\n\n\n<p>Tambi\u00e9n podr\u00e1 consultar sobre nuestra <a href=\"http:\/\/refugiosmarinos.com.ar\/index.php\/equipamiento\/\">piscina climatizada<\/a>, <a href=\"http:\/\/refugiosmarinos.com.ar\/index.php\/contacto\/\">nuestra ubicaci\u00f3n<\/a> y <a href=\"http:\/\/refugiosmarinos.com.ar\/index.php\/equipamiento\/\">equipamiento<\/a>. <\/p>\n\n\n\n<p>Ante cualquier duda, puede consultarnos a trav\u00e9s de nuestro <a href=\"http:\/\/refugiosmarinos.com.ar\/index.php\/contacto\/\">formulario de contacto. <\/a><\/p>\n\n\n\n<p>Lo esperamos a usted y a su familia para que venga a disfrutar de la belleza de Valeria del Mar!<\/p>\n\n\n\n<ul class=\"wp-block-gallery columns-1 is-cropped wp-block-gallery-2 is-layout-flex wp-block-gallery-is-layout-flex\"><li class=\"blocks-gallery-item\"><figure><img loading=\"lazy\" decoding=\"async\" width=\"1024\" height=\"169\" src=\"http:\/\/refugiosmarinos.com.ar\/wp-content\/uploads\/2019\/10\/playa-1024x169.jpg\" alt=\"\" data-id=\"334\" data-link=\"http:\/\/refugiosmarinos.com.ar\/index.php\/sample-page\/playa\/\" class=\"wp-image-334\" srcset=\"https:\/\/refugiosmarinos.com.ar\/wp-content\/uploads\/2019\/10\/playa-1024x169.jpg 1024w, https:\/\/refugiosmarinos.com.ar\/wp-content\/uploads\/2019\/10\/playa-300x50.jpg 300w, https:\/\/refugiosmarinos.com.ar\/wp-content\/uploads\/2019\/10\/playa-768x127.jpg 768w, https:\/\/refugiosmarinos.com.ar\/wp-content\/uploads\/2019\/10\/playa.jpg 1200w\" sizes=\"auto, (max-width: 1024px) 100vw, 1024px\" \/><\/figure><\/li><\/ul>\n","protected":false},"excerpt":{"rendered":"<p>. ACERCA DE NOSOTROS Bienvenido al complejo Refugios Marinos. Aqu\u00ed encontrar\u00e1 un lugar exclusivo que cuenta con seis unidades habitacionales, rodeadas de un hermoso entorno natural, y tan solo a pasos de las amplias y tranquilas playas de Valeria del Mar. Aqu\u00ed podr\u00e1 obtener informaci\u00f3n sobre nuestros d\u00faplex de 2, 2 1\/2, y 3 ambientes, [&hellip;]<\/p>\n","protected":false},"author":1,"featured_media":25,"parent":0,"menu_order":0,"comment_status":"closed","ping_status":"open","template":"fullwidth-template.php","meta":{"ngg_post_thumbnail":0,"footnotes":""},"class_list":["post-2","page","type-page","status-publish","has-post-thumbnail","hentry"],"_links":{"self":[{"href":"https:\/\/refugiosmarinos.com.ar\/index.php\/wp-json\/wp\/v2\/pages\/2","targetHints":{"allow":["GET"]}}],"collection":[{"href":"https:\/\/refugiosmarinos.com.ar\/index.php\/wp-json\/wp\/v2\/pages"}],"about":[{"href":"https:\/\/refugiosmarinos.com.ar\/index.php\/wp-json\/wp\/v2\/types\/page"}],"author":[{"embeddable":true,"href":"https:\/\/refugiosmarinos.com.ar\/index.php\/wp-json\/wp\/v2\/users\/1"}],"replies":[{"embeddable":true,"href":"https:\/\/refugiosmarinos.com.ar\/index.php\/wp-json\/wp\/v2\/comments?post=2"}],"version-history":[{"count":26,"href":"https:\/\/refugiosmarinos.com.ar\/index.php\/wp-json\/wp\/v2\/pages\/2\/revisions"}],"predecessor-version":[{"id":381,"href":"https:\/\/refugiosmarinos.com.ar\/index.php\/wp-json\/wp\/v2\/pages\/2\/revisions\/381"}],"wp:featuredmedia":[{"embeddable":true,"href":"https:\/\/refugiosmarinos.com.ar\/index.php\/wp-json\/wp\/v2\/media\/25"}],"wp:attachment":[{"href":"https:\/\/refugiosmarinos.com.ar\/index.php\/wp-json\/wp\/v2\/media?parent=2"}],"curies":[{"name":"wp","href":"https:\/\/api.w.org\/{rel}","templated":true}]}}