{"id":3,"date":"2019-10-18T15:15:04","date_gmt":"2019-10-18T15:15:04","guid":{"rendered":"http:\/\/refugiosmarinos.com.ar\/?page_id=3"},"modified":"2019-10-24T17:57:46","modified_gmt":"2019-10-24T17:57:46","slug":"privacy-policy","status":"publish","type":"page","link":"https:\/\/refugiosmarinos.com.ar\/index.php\/privacy-policy\/","title":{"rendered":"Politicas de Cancelaci\u00f3n"},"content":{"rendered":"\n<h2 class=\"wp-block-heading\">Dep\u00f3sito<\/h2>\n\n\n\n<p>Cuando Refugios Marinos exige a un cliente un dep\u00f3sito para efectuar la reserva de una unidad, es porque a partir de ese momento deja de ofrecerla a terceros, para que el hu\u00e9sped al llegar tenga el lugar disponible.<br>Esto implica que la empresa debe asumir ciertos compromisos propios y con terceros, y adem\u00e1s hacerse cargo de los gastos bancarios y administrativos que son irrecuperables. <\/p>\n\n\n\n<h2 class=\"wp-block-heading\">Modalidades de la cancelaci\u00f3n<\/h2>\n\n\n\n<p>Cuando un cliente da de baja una reservaci\u00f3n, deber\u00e1 comunicarlo a <a href=\"mailto: refugiosmarinos@hotmail.com\">refugiosmarinos@hotmail.com<\/a>, desde el mail original del cliente titular de la reserva.<\/p>\n\n\n\n<p>Dependiendo de la antelaci\u00f3n en cantidad de d\u00edas del check-in programado que se d\u00e9 aviso de la cancelaci\u00f3n de la reserva, el cliente tendr\u00e1 derecho a la siguiente devoluci\u00f3n de dinero o de servicios del monto depositado en concepto de reserva:<br><\/p>\n\n\n\n<blockquote class=\"wp-block-quote is-layout-flow wp-block-quote-is-layout-flow\"><p>\u00b7 30 a 15 d\u00edas de anticipaci\u00f3n: Sobre el monto depositado en concepto de reserva (se\u00f1a) se le reintegrar\u00e1 el 25% o si se aplicara al pago de de una nueva estad\u00eda seg\u00fan disponibilidad, ser\u00eda del 50% del monto depositado y de acuerdo a las tarifas vigentes en cada oportunidad<\/p><p>\u00b7 15 a 7 d\u00edas de anticipaci\u00f3n: Sobre el monto depositado en concepto de reserva (se\u00f1a) se le reintegrar\u00e1 el 10% o si se aplicara al pago de de una nueva estad\u00eda seg\u00fan disponibilidad, ser\u00eda del 25% del monto depositado y de acuerdo a las tarifas vigentes en cada oportunidad. <\/p><p>\u00b7 0 a 7 d\u00edas de anticipaci\u00f3n: Sobre el monto depositado en concepto de reserva (se\u00f1a) no se le reintegrar\u00e1 suma alguna, o si se aplicara al pago de de una nueva estad\u00eda seg\u00fan disponibilidad, ser\u00eda del 10% del monto depositado y de acuerdo a las tarifas vigentes en cada oportunidad.<\/p><p>\u00b7 Por \u00faltimo en caso de no tomar la unidad en la fecha acordada para el check-in, sin avisar por medio de mail que sufre una demora, Refugios Marinos pondr\u00e1 en alquiler la misma al d\u00eda de la siguiente fecha.<\/p><\/blockquote>\n\n\n\n<p>Ante cualquier inquietud, no dude en consultarnos. <\/p>\n\n\n\n<p><\/p>\n","protected":false},"excerpt":{"rendered":"<p>Dep\u00f3sito Cuando Refugios Marinos exige a un cliente un dep\u00f3sito para efectuar la reserva de una unidad, es porque a partir de ese momento deja de ofrecerla a terceros, para que el hu\u00e9sped al llegar tenga el lugar disponible.Esto implica que la empresa debe asumir ciertos compromisos propios y con terceros, y adem\u00e1s hacerse cargo [&hellip;]<\/p>\n","protected":false},"author":1,"featured_media":323,"parent":0,"menu_order":0,"comment_status":"closed","ping_status":"open","template":"","meta":{"ngg_post_thumbnail":0,"footnotes":""},"class_list":["post-3","page","type-page","status-publish","has-post-thumbnail","hentry"],"_links":{"self":[{"href":"https:\/\/refugiosmarinos.com.ar\/index.php\/wp-json\/wp\/v2\/pages\/3","targetHints":{"allow":["GET"]}}],"collection":[{"href":"https:\/\/refugiosmarinos.com.ar\/index.php\/wp-json\/wp\/v2\/pages"}],"about":[{"href":"https:\/\/refugiosmarinos.com.ar\/index.php\/wp-json\/wp\/v2\/types\/page"}],"author":[{"embeddable":true,"href":"https:\/\/refugiosmarinos.com.ar\/index.php\/wp-json\/wp\/v2\/users\/1"}],"replies":[{"embeddable":true,"href":"https:\/\/refugiosmarinos.com.ar\/index.php\/wp-json\/wp\/v2\/comments?post=3"}],"version-history":[{"count":12,"href":"https:\/\/refugiosmarinos.com.ar\/index.php\/wp-json\/wp\/v2\/pages\/3\/revisions"}],"predecessor-version":[{"id":377,"href":"https:\/\/refugiosmarinos.com.ar\/index.php\/wp-json\/wp\/v2\/pages\/3\/revisions\/377"}],"wp:featuredmedia":[{"embeddable":true,"href":"https:\/\/refugiosmarinos.com.ar\/index.php\/wp-json\/wp\/v2\/media\/323"}],"wp:attachment":[{"href":"https:\/\/refugiosmarinos.com.ar\/index.php\/wp-json\/wp\/v2\/media?parent=3"}],"curies":[{"name":"wp","href":"https:\/\/api.w.org\/{rel}","templated":true}]}}