{"id":37,"date":"2019-10-18T17:07:03","date_gmt":"2019-10-18T17:07:03","guid":{"rendered":"http:\/\/refugiosmarinos.com.ar\/?page_id=37"},"modified":"2019-10-24T18:38:54","modified_gmt":"2019-10-24T18:38:54","slug":"habitaciones","status":"publish","type":"page","link":"https:\/\/refugiosmarinos.com.ar\/index.php\/habitaciones\/","title":{"rendered":"3 ambientes"},"content":{"rendered":"\n<h3 class=\"wp-block-heading\"><strong>Nuestro d\u00faplex de 3 ambientes es ideal para familia con 2, 3 \u00f3 4 hijos<\/strong><\/h3>\n\n\n\n<ul class=\"wp-block-list\"><li>Planta alta: dos habitaciones una con sommier matrimonial, la otra con camas cuchetas y ba\u00f1o completo<\/li><li>Planta baja: living con div\u00e1n cama, ba\u00f1o con ducha, cocina con horno, vajilla completa para 6 personas, microondas, y comedor amplio. <\/li><li>Escalera con protecci\u00f3n para ni\u00f1os <\/li><li>Patio independiente, deck de madera con parrilla a le\u00f1a, lavadero, mesa y sillas de jard\u00edn<\/li><\/ul>\n\n\n\nngg_shortcode_0_placeholder\n","protected":false},"excerpt":{"rendered":"<p>Nuestro d\u00faplex de 3 ambientes es ideal para familia con 2, 3 \u00f3 4 hijos Planta alta: dos habitaciones una con sommier matrimonial, la otra con camas cuchetas y ba\u00f1o completo Planta baja: living con div\u00e1n cama, ba\u00f1o con ducha, cocina con horno, vajilla completa para 6 personas, microondas, y comedor amplio. Escalera con protecci\u00f3n [&hellip;]<\/p>\n","protected":false},"author":1,"featured_media":324,"parent":0,"menu_order":0,"comment_status":"closed","ping_status":"closed","template":"","meta":{"ngg_post_thumbnail":0,"footnotes":""},"class_list":["post-37","page","type-page","status-publish","has-post-thumbnail","hentry"],"_links":{"self":[{"href":"https:\/\/refugiosmarinos.com.ar\/index.php\/wp-json\/wp\/v2\/pages\/37","targetHints":{"allow":["GET"]}}],"collection":[{"href":"https:\/\/refugiosmarinos.com.ar\/index.php\/wp-json\/wp\/v2\/pages"}],"about":[{"href":"https:\/\/refugiosmarinos.com.ar\/index.php\/wp-json\/wp\/v2\/types\/page"}],"author":[{"embeddable":true,"href":"https:\/\/refugiosmarinos.com.ar\/index.php\/wp-json\/wp\/v2\/users\/1"}],"replies":[{"embeddable":true,"href":"https:\/\/refugiosmarinos.com.ar\/index.php\/wp-json\/wp\/v2\/comments?post=37"}],"version-history":[{"count":19,"href":"https:\/\/refugiosmarinos.com.ar\/index.php\/wp-json\/wp\/v2\/pages\/37\/revisions"}],"predecessor-version":[{"id":386,"href":"https:\/\/refugiosmarinos.com.ar\/index.php\/wp-json\/wp\/v2\/pages\/37\/revisions\/386"}],"wp:featuredmedia":[{"embeddable":true,"href":"https:\/\/refugiosmarinos.com.ar\/index.php\/wp-json\/wp\/v2\/media\/324"}],"wp:attachment":[{"href":"https:\/\/refugiosmarinos.com.ar\/index.php\/wp-json\/wp\/v2\/media?parent=37"}],"curies":[{"name":"wp","href":"https:\/\/api.w.org\/{rel}","templated":true}]}}